{"id":552,"date":"2023-02-17T17:19:25","date_gmt":"2023-02-17T17:19:25","guid":{"rendered":"https:\/\/www.hoteltroisetoiles.com\/?page_id=552"},"modified":"2024-10-22T09:19:49","modified_gmt":"2024-10-22T09:19:49","slug":"regolamento-animali","status":"publish","type":"page","link":"https:\/\/www.hoteltroisetoiles.com\/fr\/regolamento-animali\/","title":{"rendered":"R\u00e8glement sur les animaux"},"content":{"rendered":"<div data-elementor-type=\"wp-page\" data-elementor-id=\"552\" class=\"elementor elementor-552\" data-elementor-post-type=\"page\">\n\t\t\t\t\t\t<section class=\"elementor-section elementor-top-section elementor-element elementor-element-7c9697b3 elementor-section-boxed elementor-section-height-default elementor-section-height-default\" data-id=\"7c9697b3\" data-element_type=\"section\">\n\t\t\t\t\t\t<div class=\"elementor-container elementor-column-gap-no\">\n\t\t\t\t\t<div class=\"elementor-column elementor-col-100 elementor-top-column elementor-element elementor-element-5fa9da49\" data-id=\"5fa9da49\" data-element_type=\"column\">\n\t\t\t<div class=\"elementor-widget-wrap elementor-element-populated\">\n\t\t\t\t\t\t<div class=\"elementor-element elementor-element-7fcca39a elementor-view-default elementor-invisible elementor-widget elementor-widget-icon\" data-id=\"7fcca39a\" data-element_type=\"widget\" data-settings=\"{&quot;_animation&quot;:&quot;swing&quot;}\" data-widget_type=\"icon.default\">\n\t\t\t\t<div class=\"elementor-widget-container\">\n\t\t\t\t\t\t\t<div class=\"elementor-icon-wrapper\">\n\t\t\t<div class=\"elementor-icon\">\n\t\t\t<i aria-hidden=\"true\" class=\"fas fa-dog\"><\/i>\t\t\t<\/div>\n\t\t<\/div>\n\t\t\t\t\t\t<\/div>\n\t\t\t\t<\/div>\n\t\t\t\t<div class=\"elementor-element elementor-element-7efac827 elementor-widget elementor-widget-heading\" data-id=\"7efac827\" data-element_type=\"widget\" data-widget_type=\"heading.default\">\n\t\t\t\t<div class=\"elementor-widget-container\">\n\t\t\t\t\t<h2 class=\"elementor-heading-title elementor-size-default\">R\u00e8glement sur les animaux<\/h2>\t\t\t\t<\/div>\n\t\t\t\t<\/div>\n\t\t\t\t<div class=\"elementor-element elementor-element-445ea7f1 elementor-widget-divider--view-line elementor-widget elementor-widget-divider\" data-id=\"445ea7f1\" data-element_type=\"widget\" data-widget_type=\"divider.default\">\n\t\t\t\t<div class=\"elementor-widget-container\">\n\t\t\t\t\t\t\t<div class=\"elementor-divider\">\n\t\t\t<span class=\"elementor-divider-separator\">\n\t\t\t\t\t\t<\/span>\n\t\t<\/div>\n\t\t\t\t\t\t<\/div>\n\t\t\t\t<\/div>\n\t\t\t\t<div class=\"elementor-element elementor-element-64d7858a elementor-widget elementor-widget-text-editor\" data-id=\"64d7858a\" data-element_type=\"widget\" data-widget_type=\"text-editor.default\">\n\t\t\t\t<div class=\"elementor-widget-container\">\n\t\t\t\t\t\t\t\t\t<p>Dans notre h\u00f4tel, les animaux de compagnie sont les bienvenus.<\/p><p>Notre h\u00f4tel a toujours accept\u00e9 les animaux (chiens et chats), mais pour le respect des autres clients et des r\u00e8gles d\u2019hygi\u00e8ne communes, les propri\u00e9taires doivent s\u2019assurer du respect des r\u00e8gles ci-dessous (<em>r\u00e8glement sur les animaux<\/em>):<\/p><p>*\u00a0 Presso il nostro hotel gli animali da compagnia sono ammessi, previa comunicazione;<\/p><p>*\u00a0Les chiens de petite taille sont admis;<\/p><p>* Negli spazi comuni dell\u2019albergo, (Sala colazione, ristorante e bar) gli animali non sono ammessi;<\/p><p>* In ogni camera \u00e8 consentito avere massimo un animale di dimensioni piccole;<\/p><p><span style=\"letter-spacing: 0px;\">* \u00c8\u00a0assolutamente vietato far salire l\u2019animale sui letti, poltrone, sedie, tavoli etc.;<\/span><\/p><p>*\u00a0Les animaux ne doivent pas \u00eatre laiss\u00e9s sans surveillance dans les chambres;<\/p><p>* L\u2019animale domestico deve essere abituato a vivere in casa, poich\u00e8 l\u2019\u2019abbaiare dei cani o il miagolare dei gatti pu\u00f2 disturbare gli altri ospiti;<\/p><p>* Per motivi di sicurezza e del comfort del vostro animale domestico, la cameriera non pulir\u00e0 la camera se il vostro animale domestico vi \u00e8 lasciato incustodito.<\/p><p>* I proprietari di animali da compagnia accettano la piena responsabilit\u00e0 per i danni che possono derivare dagli animali.<\/p><p>* A fine soggiorno verr\u00e0 applicato un extra di 15 \u20ac per la pulizia.<\/p><p><em>La Direction<\/em><\/p>\t\t\t\t\t\t\t\t<\/div>\n\t\t\t\t<\/div>\n\t\t\t\t\t<\/div>\n\t\t<\/div>\n\t\t\t\t\t<\/div>\n\t\t<\/section>\n\t\t\t\t<section class=\"elementor-section elementor-top-section elementor-element elementor-element-641eae92 elementor-section-height-min-height elementor-section-items-stretch elementor-section-content-middle elementor-section-boxed elementor-section-height-default\" data-id=\"641eae92\" data-element_type=\"section\" data-settings=\"{&quot;background_background&quot;:&quot;classic&quot;}\">\n\t\t\t\t\t\t<div class=\"elementor-container elementor-column-gap-no\">\n\t\t\t\t\t<div class=\"elementor-column elementor-col-100 elementor-top-column elementor-element elementor-element-61eab3b0\" data-id=\"61eab3b0\" data-element_type=\"column\">\n\t\t\t<div class=\"elementor-widget-wrap elementor-element-populated\">\n\t\t\t\t\t\t<div class=\"elementor-element elementor-element-872e028 elementor-widget elementor-widget-image\" data-id=\"872e028\" data-element_type=\"widget\" data-widget_type=\"image.default\">\n\t\t\t\t<div class=\"elementor-widget-container\">\n\t\t\t\t\t\t\t\t\t\t\t\t\t\t\t<img fetchpriority=\"high\" decoding=\"async\" width=\"800\" height=\"527\" src=\"https:\/\/www.hoteltroisetoiles.com\/wp-content\/uploads\/2023\/03\/LOGO_FINALE-copia.png\" class=\"attachment-large size-large wp-image-692\" alt=\"LOGO_FINALE_BIANCO\" srcset=\"https:\/\/www.hoteltroisetoiles.com\/wp-content\/uploads\/2023\/03\/LOGO_FINALE-copia.png 842w, https:\/\/www.hoteltroisetoiles.com\/wp-content\/uploads\/2023\/03\/LOGO_FINALE-copia-300x198.png 300w, https:\/\/www.hoteltroisetoiles.com\/wp-content\/uploads\/2023\/03\/LOGO_FINALE-copia-768x506.png 768w\" sizes=\"(max-width: 800px) 100vw, 800px\" \/>\t\t\t\t\t\t\t\t\t\t\t\t\t\t\t<\/div>\n\t\t\t\t<\/div>\n\t\t\t\t<div class=\"elementor-element elementor-element-7ff4d8c1 elementor-widget elementor-widget-spacer\" data-id=\"7ff4d8c1\" data-element_type=\"widget\" data-widget_type=\"spacer.default\">\n\t\t\t\t<div class=\"elementor-widget-container\">\n\t\t\t\t\t\t\t<div class=\"elementor-spacer\">\n\t\t\t<div class=\"elementor-spacer-inner\"><\/div>\n\t\t<\/div>\n\t\t\t\t\t\t<\/div>\n\t\t\t\t<\/div>\n\t\t\t\t<div class=\"elementor-element elementor-element-3f5450e5 elementor-invisible elementor-widget elementor-widget-heading\" data-id=\"3f5450e5\" data-element_type=\"widget\" data-settings=\"{&quot;_animation&quot;:&quot;fadeIn&quot;}\" data-widget_type=\"heading.default\">\n\t\t\t\t<div class=\"elementor-widget-container\">\n\t\t\t\t\t<h2 class=\"elementor-heading-title elementor-size-default\">Nous sommes pr\u00eats \u00e0 vous accueillir!<\/h2>\t\t\t\t<\/div>\n\t\t\t\t<\/div>\n\t\t\t\t\t<\/div>\n\t\t<\/div>\n\t\t\t\t\t<\/div>\n\t\t<\/section>\n\t\t\t\t<\/div>","protected":false},"excerpt":{"rendered":"<p>Regolamento Animali Nel nostro Hotel gli animali da compagnia sono i benvenuti. Il nostro albergo ha sempre accettato animali (cani e gatti), ma per il rispetto degli altri ospiti e per le comuni regole di igiene i proprietari devono farsi garanti del rispetto delle regole sotto riportate (Regolamento per gli animali): *\u00a0 Presso il nostro [&hellip;]<\/p>","protected":false},"author":2,"featured_media":0,"parent":0,"menu_order":0,"comment_status":"closed","ping_status":"closed","template":"","meta":{"footnotes":""},"class_list":["post-552","page","type-page","status-publish","hentry"],"yoast_head":"<!-- This site is optimized with the Yoast SEO plugin v26.4 - https:\/\/yoast.com\/wordpress\/plugins\/seo\/ -->\n<title>Regolamento Animali - Hotel Trois Etoiles<\/title>\n<meta name=\"description\" content=\"Il Regolamento Animali del nostro Hotel Trois Etoiles ad Entracque: cosa sapere se porti il tuo amico a quattro zampe. Buon soggiorno!\" \/>\n<meta name=\"robots\" content=\"index, follow, max-snippet:-1, max-image-preview:large, max-video-preview:-1\" \/>\n<link rel=\"canonical\" href=\"https:\/\/www.hoteltroisetoiles.com\/fr\/regolamento-animali\/\" \/>\n<meta property=\"og:locale\" content=\"fr_FR\" \/>\n<meta property=\"og:type\" content=\"article\" \/>\n<meta property=\"og:title\" content=\"Regolamento Animali - Hotel Trois Etoiles\" \/>\n<meta property=\"og:description\" content=\"Il Regolamento Animali del nostro Hotel Trois Etoiles ad Entracque: cosa sapere se porti il tuo amico a quattro zampe. Buon soggiorno!\" \/>\n<meta property=\"og:url\" content=\"https:\/\/www.hoteltroisetoiles.com\/fr\/regolamento-animali\/\" \/>\n<meta property=\"og:site_name\" content=\"Hotel Trois Etoiles\" \/>\n<meta property=\"article:publisher\" content=\"https:\/\/www.facebook.com\/hoteltroisetoiles\" \/>\n<meta property=\"article:modified_time\" content=\"2024-10-22T09:19:49+00:00\" \/>\n<meta property=\"og:image\" content=\"https:\/\/www.hoteltroisetoiles.com\/wp-content\/uploads\/2023\/03\/LOGO_FINALE-copia.png\" \/>\n<meta name=\"twitter:card\" content=\"summary_large_image\" \/>\n<meta name=\"twitter:label1\" content=\"Dur\u00e9e de lecture estim\u00e9e\" \/>\n\t<meta name=\"twitter:data1\" content=\"2 minutes\" \/>\n<script type=\"application\/ld+json\" class=\"yoast-schema-graph\">{\"@context\":\"https:\/\/schema.org\",\"@graph\":[{\"@type\":\"WebPage\",\"@id\":\"https:\/\/www.hoteltroisetoiles.com\/regolamento-animali\/\",\"url\":\"https:\/\/www.hoteltroisetoiles.com\/regolamento-animali\/\",\"name\":\"Regolamento Animali - Hotel Trois Etoiles\",\"isPartOf\":{\"@id\":\"https:\/\/www.hoteltroisetoiles.com\/#website\"},\"primaryImageOfPage\":{\"@id\":\"https:\/\/www.hoteltroisetoiles.com\/regolamento-animali\/#primaryimage\"},\"image\":{\"@id\":\"https:\/\/www.hoteltroisetoiles.com\/regolamento-animali\/#primaryimage\"},\"thumbnailUrl\":\"https:\/\/www.hoteltroisetoiles.com\/wp-content\/uploads\/2023\/03\/LOGO_FINALE-copia.png\",\"datePublished\":\"2023-02-17T17:19:25+00:00\",\"dateModified\":\"2024-10-22T09:19:49+00:00\",\"description\":\"Il Regolamento Animali del nostro Hotel Trois Etoiles ad Entracque: cosa sapere se porti il tuo amico a quattro zampe. Buon soggiorno!\",\"breadcrumb\":{\"@id\":\"https:\/\/www.hoteltroisetoiles.com\/regolamento-animali\/#breadcrumb\"},\"inLanguage\":\"fr-FR\",\"potentialAction\":[{\"@type\":\"ReadAction\",\"target\":[\"https:\/\/www.hoteltroisetoiles.com\/regolamento-animali\/\"]}]},{\"@type\":\"ImageObject\",\"inLanguage\":\"fr-FR\",\"@id\":\"https:\/\/www.hoteltroisetoiles.com\/regolamento-animali\/#primaryimage\",\"url\":\"https:\/\/www.hoteltroisetoiles.com\/wp-content\/uploads\/2023\/03\/LOGO_FINALE-copia.png\",\"contentUrl\":\"https:\/\/www.hoteltroisetoiles.com\/wp-content\/uploads\/2023\/03\/LOGO_FINALE-copia.png\"},{\"@type\":\"BreadcrumbList\",\"@id\":\"https:\/\/www.hoteltroisetoiles.com\/regolamento-animali\/#breadcrumb\",\"itemListElement\":[{\"@type\":\"ListItem\",\"position\":1,\"name\":\"Home\",\"item\":\"https:\/\/www.hoteltroisetoiles.com\/\"},{\"@type\":\"ListItem\",\"position\":2,\"name\":\"Regolamento Animali\"}]},{\"@type\":\"WebSite\",\"@id\":\"https:\/\/www.hoteltroisetoiles.com\/#website\",\"url\":\"https:\/\/www.hoteltroisetoiles.com\/\",\"name\":\"Hotel Trois Etoiles\",\"description\":\"\",\"publisher\":{\"@id\":\"https:\/\/www.hoteltroisetoiles.com\/#organization\"},\"potentialAction\":[{\"@type\":\"SearchAction\",\"target\":{\"@type\":\"EntryPoint\",\"urlTemplate\":\"https:\/\/www.hoteltroisetoiles.com\/?s={search_term_string}\"},\"query-input\":{\"@type\":\"PropertyValueSpecification\",\"valueRequired\":true,\"valueName\":\"search_term_string\"}}],\"inLanguage\":\"fr-FR\"},{\"@type\":\"Organization\",\"@id\":\"https:\/\/www.hoteltroisetoiles.com\/#organization\",\"name\":\"Hotel Trois Etoiles\",\"url\":\"https:\/\/www.hoteltroisetoiles.com\/\",\"logo\":{\"@type\":\"ImageObject\",\"inLanguage\":\"fr-FR\",\"@id\":\"https:\/\/www.hoteltroisetoiles.com\/#\/schema\/logo\/image\/\",\"url\":\"https:\/\/www.hoteltroisetoiles.com\/wp-content\/uploads\/2023\/03\/LOGO_FINALE.png\",\"contentUrl\":\"https:\/\/www.hoteltroisetoiles.com\/wp-content\/uploads\/2023\/03\/LOGO_FINALE.png\",\"width\":842,\"height\":765,\"caption\":\"Hotel Trois Etoiles\"},\"image\":{\"@id\":\"https:\/\/www.hoteltroisetoiles.com\/#\/schema\/logo\/image\/\"},\"sameAs\":[\"https:\/\/www.facebook.com\/hoteltroisetoiles\"]}]}<\/script>\n<!-- \/ Yoast SEO plugin. -->","yoast_head_json":{"title":"Regolamento Animali - Hotel Trois Etoiles","description":"Il Regolamento Animali del nostro Hotel Trois Etoiles ad Entracque: cosa sapere se porti il tuo amico a quattro zampe. Buon soggiorno!","robots":{"index":"index","follow":"follow","max-snippet":"max-snippet:-1","max-image-preview":"max-image-preview:large","max-video-preview":"max-video-preview:-1"},"canonical":"https:\/\/www.hoteltroisetoiles.com\/fr\/regolamento-animali\/","og_locale":"fr_FR","og_type":"article","og_title":"Regolamento Animali - Hotel Trois Etoiles","og_description":"Il Regolamento Animali del nostro Hotel Trois Etoiles ad Entracque: cosa sapere se porti il tuo amico a quattro zampe. Buon soggiorno!","og_url":"https:\/\/www.hoteltroisetoiles.com\/fr\/regolamento-animali\/","og_site_name":"Hotel Trois Etoiles","article_publisher":"https:\/\/www.facebook.com\/hoteltroisetoiles","article_modified_time":"2024-10-22T09:19:49+00:00","og_image":[{"url":"https:\/\/www.hoteltroisetoiles.com\/wp-content\/uploads\/2023\/03\/LOGO_FINALE-copia.png","type":"","width":"","height":""}],"twitter_card":"summary_large_image","twitter_misc":{"Dur\u00e9e de lecture estim\u00e9e":"2 minutes"},"schema":{"@context":"https:\/\/schema.org","@graph":[{"@type":"WebPage","@id":"https:\/\/www.hoteltroisetoiles.com\/regolamento-animali\/","url":"https:\/\/www.hoteltroisetoiles.com\/regolamento-animali\/","name":"Regolamento Animali - Hotel Trois Etoiles","isPartOf":{"@id":"https:\/\/www.hoteltroisetoiles.com\/#website"},"primaryImageOfPage":{"@id":"https:\/\/www.hoteltroisetoiles.com\/regolamento-animali\/#primaryimage"},"image":{"@id":"https:\/\/www.hoteltroisetoiles.com\/regolamento-animali\/#primaryimage"},"thumbnailUrl":"https:\/\/www.hoteltroisetoiles.com\/wp-content\/uploads\/2023\/03\/LOGO_FINALE-copia.png","datePublished":"2023-02-17T17:19:25+00:00","dateModified":"2024-10-22T09:19:49+00:00","description":"Il Regolamento Animali del nostro Hotel Trois Etoiles ad Entracque: cosa sapere se porti il tuo amico a quattro zampe. Buon soggiorno!","breadcrumb":{"@id":"https:\/\/www.hoteltroisetoiles.com\/regolamento-animali\/#breadcrumb"},"inLanguage":"fr-FR","potentialAction":[{"@type":"ReadAction","target":["https:\/\/www.hoteltroisetoiles.com\/regolamento-animali\/"]}]},{"@type":"ImageObject","inLanguage":"fr-FR","@id":"https:\/\/www.hoteltroisetoiles.com\/regolamento-animali\/#primaryimage","url":"https:\/\/www.hoteltroisetoiles.com\/wp-content\/uploads\/2023\/03\/LOGO_FINALE-copia.png","contentUrl":"https:\/\/www.hoteltroisetoiles.com\/wp-content\/uploads\/2023\/03\/LOGO_FINALE-copia.png"},{"@type":"BreadcrumbList","@id":"https:\/\/www.hoteltroisetoiles.com\/regolamento-animali\/#breadcrumb","itemListElement":[{"@type":"ListItem","position":1,"name":"Home","item":"https:\/\/www.hoteltroisetoiles.com\/"},{"@type":"ListItem","position":2,"name":"Regolamento Animali"}]},{"@type":"WebSite","@id":"https:\/\/www.hoteltroisetoiles.com\/#website","url":"https:\/\/www.hoteltroisetoiles.com\/","name":"Hotel Trois Etoiles","description":"","publisher":{"@id":"https:\/\/www.hoteltroisetoiles.com\/#organization"},"potentialAction":[{"@type":"SearchAction","target":{"@type":"EntryPoint","urlTemplate":"https:\/\/www.hoteltroisetoiles.com\/?s={search_term_string}"},"query-input":{"@type":"PropertyValueSpecification","valueRequired":true,"valueName":"search_term_string"}}],"inLanguage":"fr-FR"},{"@type":"Organization","@id":"https:\/\/www.hoteltroisetoiles.com\/#organization","name":"Hotel Trois Etoiles","url":"https:\/\/www.hoteltroisetoiles.com\/","logo":{"@type":"ImageObject","inLanguage":"fr-FR","@id":"https:\/\/www.hoteltroisetoiles.com\/#\/schema\/logo\/image\/","url":"https:\/\/www.hoteltroisetoiles.com\/wp-content\/uploads\/2023\/03\/LOGO_FINALE.png","contentUrl":"https:\/\/www.hoteltroisetoiles.com\/wp-content\/uploads\/2023\/03\/LOGO_FINALE.png","width":842,"height":765,"caption":"Hotel Trois Etoiles"},"image":{"@id":"https:\/\/www.hoteltroisetoiles.com\/#\/schema\/logo\/image\/"},"sameAs":["https:\/\/www.facebook.com\/hoteltroisetoiles"]}]}},"_links":{"self":[{"href":"https:\/\/www.hoteltroisetoiles.com\/fr\/wp-json\/wp\/v2\/pages\/552","targetHints":{"allow":["GET"]}}],"collection":[{"href":"https:\/\/www.hoteltroisetoiles.com\/fr\/wp-json\/wp\/v2\/pages"}],"about":[{"href":"https:\/\/www.hoteltroisetoiles.com\/fr\/wp-json\/wp\/v2\/types\/page"}],"author":[{"embeddable":true,"href":"https:\/\/www.hoteltroisetoiles.com\/fr\/wp-json\/wp\/v2\/users\/2"}],"replies":[{"embeddable":true,"href":"https:\/\/www.hoteltroisetoiles.com\/fr\/wp-json\/wp\/v2\/comments?post=552"}],"version-history":[{"count":59,"href":"https:\/\/www.hoteltroisetoiles.com\/fr\/wp-json\/wp\/v2\/pages\/552\/revisions"}],"predecessor-version":[{"id":933,"href":"https:\/\/www.hoteltroisetoiles.com\/fr\/wp-json\/wp\/v2\/pages\/552\/revisions\/933"}],"wp:attachment":[{"href":"https:\/\/www.hoteltroisetoiles.com\/fr\/wp-json\/wp\/v2\/media?parent=552"}],"curies":[{"name":"wp","href":"https:\/\/api.w.org\/{rel}","templated":true}]}}